{"id":351,"date":"2023-08-16T13:10:45","date_gmt":"2023-08-16T12:10:45","guid":{"rendered":"https:\/\/agenteanorte.com\/?page_id=351"},"modified":"2025-12-17T10:56:37","modified_gmt":"2025-12-17T10:56:37","slug":"home","status":"publish","type":"page","link":"https:\/\/agenteanorte.com\/en\/","title":{"rendered":"Home"},"content":{"rendered":"<header class=\"wp-block-cover is-light has-custom-content-position is-position-bottom-center home-intro-cover\" style=\"min-height:100vh;aspect-ratio:unset;\"><video class=\"wp-block-cover__video-background intrinsic-ignore\" autoplay muted loop playsinline src=\"https:\/\/agenteanorte.com\/wp-content\/uploads\/2025\/12\/video_homepage_agente_a_norte_v32025_v1-1080p.mp4\" data-object-fit=\"cover\"><\/video><span aria-hidden=\"true\" class=\"wp-block-cover__background has-dark-background-color has-background-dim-0 has-background-dim\"><\/span><div class=\"wp-block-cover__inner-container is-layout-flow wp-block-cover-is-layout-flow\">\n<h1 class=\"wp-block-heading\">Agente a Norte<\/h1>\n<\/div><\/header>\n\n\n\n<section class=\"wp-block-group home-section-buttons is-layout-flow wp-block-group-is-layout-flow\">\n<div class=\"wp-block-columns is-layout-flex wp-container-core-columns-is-layout-28f84493 wp-block-columns-is-layout-flex\">\n<div class=\"wp-block-column col-agency is-layout-flow wp-block-column-is-layout-flow\">\n<div class=\"wp-block-buttons is-content-justification-center is-layout-flex wp-container-core-buttons-is-layout-a89b3969 wp-block-buttons-is-layout-flex\">\n<div class=\"wp-block-button\"><a class=\"wp-block-button__link wp-element-button\" href=\"https:\/\/agenteanorte.com\/en\/atores-exclusivos\/\">Agency<\/a><\/div>\n<\/div>\n\n\n\n<div class=\"wp-block-query is-layout-flow wp-block-query-is-layout-flow\"><ul class=\"columns-6 wp-block-post-template is-layout-grid wp-container-core-post-template-is-layout-63d9e32e wp-block-post-template-is-layout-grid\"><li class=\"wp-block-post post-71 ator-exclusivo type-ator-exclusivo status-publish has-post-thumbnail hentry genero-masculino\">\n<figure class=\"wp-block-post-featured-image\"><img loading=\"lazy\" decoding=\"async\" width=\"2000\" height=\"2000\" src=\"https:\/\/agenteanorte.com\/wp-content\/uploads\/2023\/07\/Afonso-Santos_rosto_4.jpg\" class=\"attachment-post-thumbnail size-post-thumbnail wp-post-image\" alt=\"\" style=\"object-fit:cover;\" srcset=\"https:\/\/agenteanorte.com\/wp-content\/uploads\/2023\/07\/Afonso-Santos_rosto_4.jpg 2000w, https:\/\/agenteanorte.com\/wp-content\/uploads\/2023\/07\/Afonso-Santos_rosto_4-300x300.jpg 300w, https:\/\/agenteanorte.com\/wp-content\/uploads\/2023\/07\/Afonso-Santos_rosto_4-1200x1200.jpg 1200w, https:\/\/agenteanorte.com\/wp-content\/uploads\/2023\/07\/Afonso-Santos_rosto_4-150x150.jpg 150w, https:\/\/agenteanorte.com\/wp-content\/uploads\/2023\/07\/Afonso-Santos_rosto_4-768x768.jpg 768w, https:\/\/agenteanorte.com\/wp-content\/uploads\/2023\/07\/Afonso-Santos_rosto_4-50x50.jpg 50w, https:\/\/agenteanorte.com\/wp-content\/uploads\/2023\/07\/Afonso-Santos_rosto_4-1600x1600.jpg 1600w, https:\/\/agenteanorte.com\/wp-content\/uploads\/2023\/07\/Afonso-Santos_rosto_4-1536x1536.jpg 1536w, https:\/\/agenteanorte.com\/wp-content\/uploads\/2023\/07\/Afonso-Santos_rosto_4-12x12.jpg 12w\" sizes=\"auto, (max-width: 2000px) 100vw, 2000px\" \/><\/figure>\n<\/li><li class=\"wp-block-post post-4915 ator-exclusivo type-ator-exclusivo status-publish has-post-thumbnail hentry genero-masculino\">\n<figure class=\"wp-block-post-featured-image\"><img loading=\"lazy\" decoding=\"async\" width=\"1200\" height=\"1200\" src=\"https:\/\/agenteanorte.com\/wp-content\/uploads\/2025\/08\/Afonso_269_medioCFilipe_Ferreira-1.jpg\" class=\"attachment-post-thumbnail size-post-thumbnail wp-post-image\" alt=\"\" style=\"object-fit:cover;\" srcset=\"https:\/\/agenteanorte.com\/wp-content\/uploads\/2025\/08\/Afonso_269_medioCFilipe_Ferreira-1.jpg 1200w, https:\/\/agenteanorte.com\/wp-content\/uploads\/2025\/08\/Afonso_269_medioCFilipe_Ferreira-1-300x300.jpg 300w, https:\/\/agenteanorte.com\/wp-content\/uploads\/2025\/08\/Afonso_269_medioCFilipe_Ferreira-1-150x150.jpg 150w, https:\/\/agenteanorte.com\/wp-content\/uploads\/2025\/08\/Afonso_269_medioCFilipe_Ferreira-1-768x768.jpg 768w, https:\/\/agenteanorte.com\/wp-content\/uploads\/2025\/08\/Afonso_269_medioCFilipe_Ferreira-1-50x50.jpg 50w, https:\/\/agenteanorte.com\/wp-content\/uploads\/2025\/08\/Afonso_269_medioCFilipe_Ferreira-1-12x12.jpg 12w\" sizes=\"auto, (max-width: 1200px) 100vw, 1200px\" \/><\/figure>\n<\/li><li class=\"wp-block-post post-4880 ator-exclusivo type-ator-exclusivo status-publish has-post-thumbnail hentry genero-masculino\">\n<figure class=\"wp-block-post-featured-image\"><img loading=\"lazy\" decoding=\"async\" width=\"1200\" height=\"1200\" src=\"https:\/\/agenteanorte.com\/wp-content\/uploads\/2025\/07\/Alberto_288_medio\u00a9Filipe-Ferreira-2.jpg\" class=\"attachment-post-thumbnail size-post-thumbnail wp-post-image\" alt=\"\" style=\"object-fit:cover;\" srcset=\"https:\/\/agenteanorte.com\/wp-content\/uploads\/2025\/07\/Alberto_288_medio\u00a9Filipe-Ferreira-2.jpg 1200w, https:\/\/agenteanorte.com\/wp-content\/uploads\/2025\/07\/Alberto_288_medio\u00a9Filipe-Ferreira-2-300x300.jpg 300w, https:\/\/agenteanorte.com\/wp-content\/uploads\/2025\/07\/Alberto_288_medio\u00a9Filipe-Ferreira-2-150x150.jpg 150w, https:\/\/agenteanorte.com\/wp-content\/uploads\/2025\/07\/Alberto_288_medio\u00a9Filipe-Ferreira-2-768x768.jpg 768w, https:\/\/agenteanorte.com\/wp-content\/uploads\/2025\/07\/Alberto_288_medio\u00a9Filipe-Ferreira-2-50x50.jpg 50w, https:\/\/agenteanorte.com\/wp-content\/uploads\/2025\/07\/Alberto_288_medio\u00a9Filipe-Ferreira-2-12x12.jpg 12w\" sizes=\"auto, (max-width: 1200px) 100vw, 1200px\" \/><\/figure>\n<\/li><li class=\"wp-block-post post-74 ator-exclusivo type-ator-exclusivo status-publish has-post-thumbnail hentry genero-masculino\">\n<figure class=\"wp-block-post-featured-image\"><img loading=\"lazy\" decoding=\"async\" width=\"1646\" height=\"1646\" src=\"https:\/\/agenteanorte.com\/wp-content\/uploads\/2023\/07\/Alexandre_034_medio\u00a9Filipe-Ferreira.jpgcver.jpg\" class=\"attachment-post-thumbnail size-post-thumbnail wp-post-image\" alt=\"\" style=\"object-fit:cover;\" srcset=\"https:\/\/agenteanorte.com\/wp-content\/uploads\/2023\/07\/Alexandre_034_medio\u00a9Filipe-Ferreira.jpgcver.jpg 1646w, https:\/\/agenteanorte.com\/wp-content\/uploads\/2023\/07\/Alexandre_034_medio\u00a9Filipe-Ferreira.jpgcver-300x300.jpg 300w, https:\/\/agenteanorte.com\/wp-content\/uploads\/2023\/07\/Alexandre_034_medio\u00a9Filipe-Ferreira.jpgcver-1200x1200.jpg 1200w, https:\/\/agenteanorte.com\/wp-content\/uploads\/2023\/07\/Alexandre_034_medio\u00a9Filipe-Ferreira.jpgcver-150x150.jpg 150w, https:\/\/agenteanorte.com\/wp-content\/uploads\/2023\/07\/Alexandre_034_medio\u00a9Filipe-Ferreira.jpgcver-768x768.jpg 768w, https:\/\/agenteanorte.com\/wp-content\/uploads\/2023\/07\/Alexandre_034_medio\u00a9Filipe-Ferreira.jpgcver-50x50.jpg 50w, https:\/\/agenteanorte.com\/wp-content\/uploads\/2023\/07\/Alexandre_034_medio\u00a9Filipe-Ferreira.jpgcver-1600x1600.jpg 1600w, https:\/\/agenteanorte.com\/wp-content\/uploads\/2023\/07\/Alexandre_034_medio\u00a9Filipe-Ferreira.jpgcver-1536x1536.jpg 1536w, https:\/\/agenteanorte.com\/wp-content\/uploads\/2023\/07\/Alexandre_034_medio\u00a9Filipe-Ferreira.jpgcver-12x12.jpg 12w\" sizes=\"auto, (max-width: 1646px) 100vw, 1646px\" \/><\/figure>\n<\/li><li class=\"wp-block-post post-2092 ator-exclusivo type-ator-exclusivo status-publish has-post-thumbnail hentry genero-feminino\">\n<figure class=\"wp-block-post-featured-image\"><img loading=\"lazy\" decoding=\"async\" width=\"1200\" height=\"1200\" src=\"https:\/\/agenteanorte.com\/wp-content\/uploads\/2023\/12\/MINI-SITE.jpg\" class=\"attachment-post-thumbnail size-post-thumbnail wp-post-image\" alt=\"\" style=\"object-fit:cover;\" srcset=\"https:\/\/agenteanorte.com\/wp-content\/uploads\/2023\/12\/MINI-SITE.jpg 1200w, https:\/\/agenteanorte.com\/wp-content\/uploads\/2023\/12\/MINI-SITE-300x300.jpg 300w, https:\/\/agenteanorte.com\/wp-content\/uploads\/2023\/12\/MINI-SITE-150x150.jpg 150w, https:\/\/agenteanorte.com\/wp-content\/uploads\/2023\/12\/MINI-SITE-768x768.jpg 768w, https:\/\/agenteanorte.com\/wp-content\/uploads\/2023\/12\/MINI-SITE-50x50.jpg 50w, https:\/\/agenteanorte.com\/wp-content\/uploads\/2023\/12\/MINI-SITE-12x12.jpg 12w\" sizes=\"auto, (max-width: 1200px) 100vw, 1200px\" \/><\/figure>\n<\/li><li class=\"wp-block-post post-5048 ator-exclusivo type-ator-exclusivo status-publish has-post-thumbnail hentry genero-masculino\">\n<figure class=\"wp-block-post-featured-image\"><img loading=\"lazy\" decoding=\"async\" width=\"1200\" height=\"1200\" src=\"https:\/\/agenteanorte.com\/wp-content\/uploads\/2025\/10\/Allex-Miranda-Rosto-1.png\" class=\"attachment-post-thumbnail size-post-thumbnail wp-post-image\" alt=\"\" style=\"object-fit:cover;\" srcset=\"https:\/\/agenteanorte.com\/wp-content\/uploads\/2025\/10\/Allex-Miranda-Rosto-1.png 1200w, https:\/\/agenteanorte.com\/wp-content\/uploads\/2025\/10\/Allex-Miranda-Rosto-1-300x300.png 300w, https:\/\/agenteanorte.com\/wp-content\/uploads\/2025\/10\/Allex-Miranda-Rosto-1-150x150.png 150w, https:\/\/agenteanorte.com\/wp-content\/uploads\/2025\/10\/Allex-Miranda-Rosto-1-768x768.png 768w, https:\/\/agenteanorte.com\/wp-content\/uploads\/2025\/10\/Allex-Miranda-Rosto-1-50x50.png 50w, https:\/\/agenteanorte.com\/wp-content\/uploads\/2025\/10\/Allex-Miranda-Rosto-1-12x12.png 12w\" sizes=\"auto, (max-width: 1200px) 100vw, 1200px\" \/><\/figure>\n<\/li><li class=\"wp-block-post post-76 ator-exclusivo type-ator-exclusivo status-publish has-post-thumbnail hentry genero-nao-binario\">\n<figure class=\"wp-block-post-featured-image\"><img loading=\"lazy\" decoding=\"async\" width=\"500\" height=\"500\" src=\"https:\/\/agenteanorte.com\/wp-content\/uploads\/2023\/07\/ana-carolina-fonseca-cover.jpg\" class=\"attachment-post-thumbnail size-post-thumbnail wp-post-image\" alt=\"\" style=\"object-fit:cover;\" srcset=\"https:\/\/agenteanorte.com\/wp-content\/uploads\/2023\/07\/ana-carolina-fonseca-cover.jpg 500w, https:\/\/agenteanorte.com\/wp-content\/uploads\/2023\/07\/ana-carolina-fonseca-cover-300x300.jpg 300w, https:\/\/agenteanorte.com\/wp-content\/uploads\/2023\/07\/ana-carolina-fonseca-cover-150x150.jpg 150w, https:\/\/agenteanorte.com\/wp-content\/uploads\/2023\/07\/ana-carolina-fonseca-cover-50x50.jpg 50w, https:\/\/agenteanorte.com\/wp-content\/uploads\/2023\/07\/ana-carolina-fonseca-cover-12x12.jpg 12w\" sizes=\"auto, (max-width: 500px) 100vw, 500px\" \/><\/figure>\n<\/li><li class=\"wp-block-post post-4428 ator-exclusivo type-ator-exclusivo status-publish has-post-thumbnail hentry genero-feminino\">\n<figure class=\"wp-block-post-featured-image\"><img loading=\"lazy\" decoding=\"async\" width=\"900\" height=\"900\" src=\"https:\/\/agenteanorte.com\/wp-content\/uploads\/2024\/12\/fotosite.jpg\" class=\"attachment-post-thumbnail size-post-thumbnail wp-post-image\" alt=\"\" style=\"object-fit:cover;\" srcset=\"https:\/\/agenteanorte.com\/wp-content\/uploads\/2024\/12\/fotosite.jpg 900w, https:\/\/agenteanorte.com\/wp-content\/uploads\/2024\/12\/fotosite-300x300.jpg 300w, https:\/\/agenteanorte.com\/wp-content\/uploads\/2024\/12\/fotosite-150x150.jpg 150w, https:\/\/agenteanorte.com\/wp-content\/uploads\/2024\/12\/fotosite-768x768.jpg 768w, https:\/\/agenteanorte.com\/wp-content\/uploads\/2024\/12\/fotosite-50x50.jpg 50w, https:\/\/agenteanorte.com\/wp-content\/uploads\/2024\/12\/fotosite-12x12.jpg 12w\" sizes=\"auto, (max-width: 900px) 100vw, 900px\" \/><\/figure>\n<\/li><li class=\"wp-block-post post-3855 ator-exclusivo type-ator-exclusivo status-publish has-post-thumbnail hentry genero-feminino\">\n<figure class=\"wp-block-post-featured-image\"><img loading=\"lazy\" decoding=\"async\" width=\"2560\" height=\"2560\" src=\"https:\/\/agenteanorte.com\/wp-content\/uploads\/2024\/03\/Ana_261_maximo\u00a9Filipe-Ferreira-1-scaled.jpg\" class=\"attachment-post-thumbnail size-post-thumbnail wp-post-image\" alt=\"\" style=\"object-fit:cover;\" srcset=\"https:\/\/agenteanorte.com\/wp-content\/uploads\/2024\/03\/Ana_261_maximo\u00a9Filipe-Ferreira-1-scaled.jpg 2560w, https:\/\/agenteanorte.com\/wp-content\/uploads\/2024\/03\/Ana_261_maximo\u00a9Filipe-Ferreira-1-300x300.jpg 300w, https:\/\/agenteanorte.com\/wp-content\/uploads\/2024\/03\/Ana_261_maximo\u00a9Filipe-Ferreira-1-1200x1200.jpg 1200w, https:\/\/agenteanorte.com\/wp-content\/uploads\/2024\/03\/Ana_261_maximo\u00a9Filipe-Ferreira-1-150x150.jpg 150w, https:\/\/agenteanorte.com\/wp-content\/uploads\/2024\/03\/Ana_261_maximo\u00a9Filipe-Ferreira-1-768x768.jpg 768w, https:\/\/agenteanorte.com\/wp-content\/uploads\/2024\/03\/Ana_261_maximo\u00a9Filipe-Ferreira-1-50x50.jpg 50w, https:\/\/agenteanorte.com\/wp-content\/uploads\/2024\/03\/Ana_261_maximo\u00a9Filipe-Ferreira-1-1600x1600.jpg 1600w, https:\/\/agenteanorte.com\/wp-content\/uploads\/2024\/03\/Ana_261_maximo\u00a9Filipe-Ferreira-1-1536x1536.jpg 1536w, https:\/\/agenteanorte.com\/wp-content\/uploads\/2024\/03\/Ana_261_maximo\u00a9Filipe-Ferreira-1-2048x2048.jpg 2048w, https:\/\/agenteanorte.com\/wp-content\/uploads\/2024\/03\/Ana_261_maximo\u00a9Filipe-Ferreira-1-12x12.jpg 12w\" sizes=\"auto, (max-width: 2560px) 100vw, 2560px\" \/><\/figure>\n<\/li><li class=\"wp-block-post post-77 ator-exclusivo type-ator-exclusivo status-publish has-post-thumbnail hentry genero-feminino\">\n<figure class=\"wp-block-post-featured-image\"><img loading=\"lazy\" decoding=\"async\" width=\"500\" height=\"500\" src=\"https:\/\/agenteanorte.com\/wp-content\/uploads\/2023\/07\/ana-vargas-cover.jpg\" class=\"attachment-post-thumbnail size-post-thumbnail wp-post-image\" alt=\"\" style=\"object-fit:cover;\" srcset=\"https:\/\/agenteanorte.com\/wp-content\/uploads\/2023\/07\/ana-vargas-cover.jpg 500w, https:\/\/agenteanorte.com\/wp-content\/uploads\/2023\/07\/ana-vargas-cover-300x300.jpg 300w, https:\/\/agenteanorte.com\/wp-content\/uploads\/2023\/07\/ana-vargas-cover-150x150.jpg 150w, https:\/\/agenteanorte.com\/wp-content\/uploads\/2023\/07\/ana-vargas-cover-50x50.jpg 50w, https:\/\/agenteanorte.com\/wp-content\/uploads\/2023\/07\/ana-vargas-cover-12x12.jpg 12w\" sizes=\"auto, (max-width: 500px) 100vw, 500px\" \/><\/figure>\n<\/li><\/ul><\/div>\n<\/div>\n\n\n\n<div class=\"wp-block-column col-producer is-layout-flow wp-block-column-is-layout-flow\">\n<div class=\"wp-block-buttons is-content-justification-center is-layout-flex wp-container-core-buttons-is-layout-a89b3969 wp-block-buttons-is-layout-flex\">\n<div class=\"wp-block-button\"><a class=\"wp-block-button__link wp-element-button\" href=\"https:\/\/agenteanorte.com\/en\/producoes\/\">Producer<\/a><\/div>\n<\/div>\n\n\n\n<figure class=\"wp-block-image size-full\"><img loading=\"lazy\" decoding=\"async\" width=\"1328\" height=\"1328\" src=\"https:\/\/agenteanorte.com\/wp-content\/uploads\/2023\/12\/patio-do-carrasco-home.jpg\" alt=\"\" class=\"wp-image-3259\" style=\"aspect-ratio:1;object-fit:cover\" srcset=\"https:\/\/agenteanorte.com\/wp-content\/uploads\/2023\/12\/patio-do-carrasco-home.jpg 1328w, https:\/\/agenteanorte.com\/wp-content\/uploads\/2023\/12\/patio-do-carrasco-home-300x300.jpg 300w, https:\/\/agenteanorte.com\/wp-content\/uploads\/2023\/12\/patio-do-carrasco-home-1200x1200.jpg 1200w, https:\/\/agenteanorte.com\/wp-content\/uploads\/2023\/12\/patio-do-carrasco-home-150x150.jpg 150w, https:\/\/agenteanorte.com\/wp-content\/uploads\/2023\/12\/patio-do-carrasco-home-768x768.jpg 768w, https:\/\/agenteanorte.com\/wp-content\/uploads\/2023\/12\/patio-do-carrasco-home-50x50.jpg 50w, https:\/\/agenteanorte.com\/wp-content\/uploads\/2023\/12\/patio-do-carrasco-home-12x12.jpg 12w\" sizes=\"auto, (max-width: 1328px) 100vw, 1328px\" \/><\/figure>\n<\/div>\n<\/div>\n<\/section>","protected":false},"excerpt":{"rendered":"","protected":false},"author":1,"featured_media":891,"parent":0,"menu_order":0,"comment_status":"closed","ping_status":"closed","template":"","meta":{"_acf_changed":false,"inline_featured_image":false,"_uag_custom_page_level_css":"","footnotes":""},"class_list":["post-351","page","type-page","status-publish","has-post-thumbnail","hentry"],"acf":[],"yoast_head":"<!-- This site is optimized with the Yoast SEO plugin v25.4 - https:\/\/yoast.com\/wordpress\/plugins\/seo\/ -->\n<title>Agente a Norte &#8226; Ag\u00eancia de atores e produtora audiovisual<\/title>\n<meta name=\"description\" content=\"A Agente a Norte \u00e9 uma ag\u00eancia de actores e produtora sediada no norte de Portugal, no Porto, que representa um vasto leque de profissionais.\" \/>\n<meta name=\"robots\" content=\"index, follow, max-snippet:-1, max-image-preview:large, max-video-preview:-1\" \/>\n<link rel=\"canonical\" href=\"https:\/\/agenteanorte.com\/en\/\" \/>\n<meta property=\"og:locale\" content=\"en_GB\" \/>\n<meta property=\"og:type\" content=\"article\" \/>\n<meta property=\"og:title\" content=\"Agente a Norte &#8226; Ag\u00eancia de atores e produtora audiovisual\" \/>\n<meta property=\"og:description\" content=\"A Agente a Norte \u00e9 uma ag\u00eancia de actores e produtora sediada no norte de Portugal, no Porto, que representa um vasto leque de profissionais.\" \/>\n<meta property=\"og:url\" content=\"https:\/\/agenteanorte.com\/en\/\" \/>\n<meta property=\"og:site_name\" content=\"Agente a Norte\" \/>\n<meta property=\"article:publisher\" content=\"https:\/\/www.facebook.com\/agenteanorte\/\" \/>\n<meta property=\"article:modified_time\" content=\"2025-12-17T10:56:37+00:00\" \/>\n<meta property=\"og:image\" content=\"https:\/\/agenteanorte.com\/wp-content\/uploads\/2023\/10\/og-image-agenteanorte.png\" \/>\n\t<meta property=\"og:image:width\" content=\"1200\" \/>\n\t<meta property=\"og:image:height\" content=\"1200\" \/>\n\t<meta property=\"og:image:type\" content=\"image\/png\" \/>\n<meta name=\"twitter:card\" content=\"summary_large_image\" \/>\n<script type=\"application\/ld+json\" class=\"yoast-schema-graph\">{\"@context\":\"https:\/\/schema.org\",\"@graph\":[{\"@type\":\"WebPage\",\"@id\":\"https:\/\/agenteanorte.com\/\",\"url\":\"https:\/\/agenteanorte.com\/\",\"name\":\"Agente a Norte &#8226; Ag\u00eancia de atores e produtora audiovisual\",\"isPartOf\":{\"@id\":\"https:\/\/agenteanorte.com\/#website\"},\"primaryImageOfPage\":{\"@id\":\"https:\/\/agenteanorte.com\/#primaryimage\"},\"image\":{\"@id\":\"https:\/\/agenteanorte.com\/#primaryimage\"},\"thumbnailUrl\":\"https:\/\/agenteanorte.com\/wp-content\/uploads\/2023\/10\/og-image-agenteanorte.png\",\"datePublished\":\"2023-08-16T12:10:45+00:00\",\"dateModified\":\"2025-12-17T10:56:37+00:00\",\"description\":\"A Agente a Norte \u00e9 uma ag\u00eancia de actores e produtora sediada no norte de Portugal, no Porto, que representa um vasto leque de profissionais.\",\"breadcrumb\":{\"@id\":\"https:\/\/agenteanorte.com\/#breadcrumb\"},\"inLanguage\":\"en-GB\",\"potentialAction\":[{\"@type\":\"ReadAction\",\"target\":[\"https:\/\/agenteanorte.com\/\"]}]},{\"@type\":\"ImageObject\",\"inLanguage\":\"en-GB\",\"@id\":\"https:\/\/agenteanorte.com\/#primaryimage\",\"url\":\"https:\/\/agenteanorte.com\/wp-content\/uploads\/2023\/10\/og-image-agenteanorte.png\",\"contentUrl\":\"https:\/\/agenteanorte.com\/wp-content\/uploads\/2023\/10\/og-image-agenteanorte.png\",\"width\":1200,\"height\":1200},{\"@type\":\"BreadcrumbList\",\"@id\":\"https:\/\/agenteanorte.com\/#breadcrumb\",\"itemListElement\":[{\"@type\":\"ListItem\",\"position\":1,\"name\":\"In\u00edcio\",\"item\":\"https:\/\/agenteanorte.com\/\"},{\"@type\":\"ListItem\",\"position\":2,\"name\":\"Home\"}]},{\"@type\":\"WebSite\",\"@id\":\"https:\/\/agenteanorte.com\/#website\",\"url\":\"https:\/\/agenteanorte.com\/\",\"name\":\"Agente a Norte\",\"description\":\"Ag\u00eancia de atores e produtora audiovisual\",\"publisher\":{\"@id\":\"https:\/\/agenteanorte.com\/#organization\"},\"potentialAction\":[{\"@type\":\"SearchAction\",\"target\":{\"@type\":\"EntryPoint\",\"urlTemplate\":\"https:\/\/agenteanorte.com\/?s={search_term_string}\"},\"query-input\":{\"@type\":\"PropertyValueSpecification\",\"valueRequired\":true,\"valueName\":\"search_term_string\"}}],\"inLanguage\":\"en-GB\"},{\"@type\":\"Organization\",\"@id\":\"https:\/\/agenteanorte.com\/#organization\",\"name\":\"Agente a Norte\",\"url\":\"https:\/\/agenteanorte.com\/\",\"logo\":{\"@type\":\"ImageObject\",\"inLanguage\":\"en-GB\",\"@id\":\"https:\/\/agenteanorte.com\/#\/schema\/logo\/image\/\",\"url\":\"https:\/\/agenteanorte.com\/wp-content\/uploads\/2024\/01\/logo-agente-a-norte.jpg\",\"contentUrl\":\"https:\/\/agenteanorte.com\/wp-content\/uploads\/2024\/01\/logo-agente-a-norte.jpg\",\"width\":2000,\"height\":2000,\"caption\":\"Agente a Norte\"},\"image\":{\"@id\":\"https:\/\/agenteanorte.com\/#\/schema\/logo\/image\/\"},\"sameAs\":[\"https:\/\/www.facebook.com\/agenteanorte\/\",\"https:\/\/www.instagram.com\/agenteanorte_oficial\/\",\"https:\/\/vimeo.com\/agenteanorte\",\"https:\/\/www.youtube.com\/@agenteanorte5984\"]}]}<\/script>\n<!-- \/ Yoast SEO plugin. -->","yoast_head_json":{"title":"Agente a Norte &#8226; Ag\u00eancia de atores e produtora audiovisual","description":"A Agente a Norte \u00e9 uma ag\u00eancia de actores e produtora sediada no norte de Portugal, no Porto, que representa um vasto leque de profissionais.","robots":{"index":"index","follow":"follow","max-snippet":"max-snippet:-1","max-image-preview":"max-image-preview:large","max-video-preview":"max-video-preview:-1"},"canonical":"https:\/\/agenteanorte.com\/en\/","og_locale":"en_GB","og_type":"article","og_title":"Agente a Norte &#8226; Ag\u00eancia de atores e produtora audiovisual","og_description":"A Agente a Norte \u00e9 uma ag\u00eancia de actores e produtora sediada no norte de Portugal, no Porto, que representa um vasto leque de profissionais.","og_url":"https:\/\/agenteanorte.com\/en\/","og_site_name":"Agente a Norte","article_publisher":"https:\/\/www.facebook.com\/agenteanorte\/","article_modified_time":"2025-12-17T10:56:37+00:00","og_image":[{"width":1200,"height":1200,"url":"https:\/\/agenteanorte.com\/wp-content\/uploads\/2023\/10\/og-image-agenteanorte.png","type":"image\/png"}],"twitter_card":"summary_large_image","schema":{"@context":"https:\/\/schema.org","@graph":[{"@type":"WebPage","@id":"https:\/\/agenteanorte.com\/","url":"https:\/\/agenteanorte.com\/","name":"Agente a Norte &#8226; Ag\u00eancia de atores e produtora audiovisual","isPartOf":{"@id":"https:\/\/agenteanorte.com\/#website"},"primaryImageOfPage":{"@id":"https:\/\/agenteanorte.com\/#primaryimage"},"image":{"@id":"https:\/\/agenteanorte.com\/#primaryimage"},"thumbnailUrl":"https:\/\/agenteanorte.com\/wp-content\/uploads\/2023\/10\/og-image-agenteanorte.png","datePublished":"2023-08-16T12:10:45+00:00","dateModified":"2025-12-17T10:56:37+00:00","description":"A Agente a Norte \u00e9 uma ag\u00eancia de actores e produtora sediada no norte de Portugal, no Porto, que representa um vasto leque de profissionais.","breadcrumb":{"@id":"https:\/\/agenteanorte.com\/#breadcrumb"},"inLanguage":"en-GB","potentialAction":[{"@type":"ReadAction","target":["https:\/\/agenteanorte.com\/"]}]},{"@type":"ImageObject","inLanguage":"en-GB","@id":"https:\/\/agenteanorte.com\/#primaryimage","url":"https:\/\/agenteanorte.com\/wp-content\/uploads\/2023\/10\/og-image-agenteanorte.png","contentUrl":"https:\/\/agenteanorte.com\/wp-content\/uploads\/2023\/10\/og-image-agenteanorte.png","width":1200,"height":1200},{"@type":"BreadcrumbList","@id":"https:\/\/agenteanorte.com\/#breadcrumb","itemListElement":[{"@type":"ListItem","position":1,"name":"In\u00edcio","item":"https:\/\/agenteanorte.com\/"},{"@type":"ListItem","position":2,"name":"Home"}]},{"@type":"WebSite","@id":"https:\/\/agenteanorte.com\/#website","url":"https:\/\/agenteanorte.com\/","name":"Agente a Norte","description":"Ag\u00eancia de atores e produtora audiovisual","publisher":{"@id":"https:\/\/agenteanorte.com\/#organization"},"potentialAction":[{"@type":"SearchAction","target":{"@type":"EntryPoint","urlTemplate":"https:\/\/agenteanorte.com\/?s={search_term_string}"},"query-input":{"@type":"PropertyValueSpecification","valueRequired":true,"valueName":"search_term_string"}}],"inLanguage":"en-GB"},{"@type":"Organization","@id":"https:\/\/agenteanorte.com\/#organization","name":"Agente a Norte","url":"https:\/\/agenteanorte.com\/","logo":{"@type":"ImageObject","inLanguage":"en-GB","@id":"https:\/\/agenteanorte.com\/#\/schema\/logo\/image\/","url":"https:\/\/agenteanorte.com\/wp-content\/uploads\/2024\/01\/logo-agente-a-norte.jpg","contentUrl":"https:\/\/agenteanorte.com\/wp-content\/uploads\/2024\/01\/logo-agente-a-norte.jpg","width":2000,"height":2000,"caption":"Agente a Norte"},"image":{"@id":"https:\/\/agenteanorte.com\/#\/schema\/logo\/image\/"},"sameAs":["https:\/\/www.facebook.com\/agenteanorte\/","https:\/\/www.instagram.com\/agenteanorte_oficial\/","https:\/\/vimeo.com\/agenteanorte","https:\/\/www.youtube.com\/@agenteanorte5984"]}]}},"uagb_featured_image_src":{"full":["https:\/\/agenteanorte.com\/wp-content\/uploads\/2023\/10\/og-image-agenteanorte.png",1200,1200,false],"thumbnail":["https:\/\/agenteanorte.com\/wp-content\/uploads\/2023\/10\/og-image-agenteanorte-150x150.png",150,150,true],"medium":["https:\/\/agenteanorte.com\/wp-content\/uploads\/2023\/10\/og-image-agenteanorte-300x300.png",300,300,true],"medium_large":["https:\/\/agenteanorte.com\/wp-content\/uploads\/2023\/10\/og-image-agenteanorte-768x768.png",768,768,true],"large":["https:\/\/agenteanorte.com\/wp-content\/uploads\/2023\/10\/og-image-agenteanorte-1024x1024.png",1024,1024,true],"gs-tiny":["https:\/\/agenteanorte.com\/wp-content\/uploads\/2023\/10\/og-image-agenteanorte.png",50,50,false],"xl":["https:\/\/agenteanorte.com\/wp-content\/uploads\/2023\/10\/og-image-agenteanorte.png",1200,1200,false],"xxl":["https:\/\/agenteanorte.com\/wp-content\/uploads\/2023\/10\/og-image-agenteanorte.png",1200,1200,false],"xxxl":["https:\/\/agenteanorte.com\/wp-content\/uploads\/2023\/10\/og-image-agenteanorte.png",1200,1200,false],"xxxxl":["https:\/\/agenteanorte.com\/wp-content\/uploads\/2023\/10\/og-image-agenteanorte.png",1200,1200,false],"xxxxxl":["https:\/\/agenteanorte.com\/wp-content\/uploads\/2023\/10\/og-image-agenteanorte.png",1200,1200,false],"1536x1536":["https:\/\/agenteanorte.com\/wp-content\/uploads\/2023\/10\/og-image-agenteanorte.png",1200,1200,false],"2048x2048":["https:\/\/agenteanorte.com\/wp-content\/uploads\/2023\/10\/og-image-agenteanorte.png",1200,1200,false],"trp-custom-language-flag":["https:\/\/agenteanorte.com\/wp-content\/uploads\/2023\/10\/og-image-agenteanorte-12x12.png",12,12,true]},"uagb_author_info":{"display_name":"adrianaleites","author_link":"https:\/\/agenteanorte.com\/en\/author\/adrianaleites\/"},"uagb_comment_info":0,"uagb_excerpt":null,"_links":{"self":[{"href":"https:\/\/agenteanorte.com\/en\/wp-json\/wp\/v2\/pages\/351","targetHints":{"allow":["GET"]}}],"collection":[{"href":"https:\/\/agenteanorte.com\/en\/wp-json\/wp\/v2\/pages"}],"about":[{"href":"https:\/\/agenteanorte.com\/en\/wp-json\/wp\/v2\/types\/page"}],"author":[{"embeddable":true,"href":"https:\/\/agenteanorte.com\/en\/wp-json\/wp\/v2\/users\/1"}],"replies":[{"embeddable":true,"href":"https:\/\/agenteanorte.com\/en\/wp-json\/wp\/v2\/comments?post=351"}],"version-history":[{"count":29,"href":"https:\/\/agenteanorte.com\/en\/wp-json\/wp\/v2\/pages\/351\/revisions"}],"predecessor-version":[{"id":5161,"href":"https:\/\/agenteanorte.com\/en\/wp-json\/wp\/v2\/pages\/351\/revisions\/5161"}],"wp:featuredmedia":[{"embeddable":true,"href":"https:\/\/agenteanorte.com\/en\/wp-json\/wp\/v2\/media\/891"}],"wp:attachment":[{"href":"https:\/\/agenteanorte.com\/en\/wp-json\/wp\/v2\/media?parent=351"}],"curies":[{"name":"wp","href":"https:\/\/api.w.org\/{rel}","templated":true}]}}