{"id":342,"date":"2023-08-16T12:53:15","date_gmt":"2023-08-16T11:53:15","guid":{"rendered":"https:\/\/agenteanorte.com\/?page_id=342"},"modified":"2023-10-12T11:40:42","modified_gmt":"2023-10-12T10:40:42","slug":"producoes","status":"publish","type":"page","link":"https:\/\/agenteanorte.com\/en\/producoes\/","title":{"rendered":"Productions"},"content":{"rendered":"<section class=\"wp-block-group productions is-layout-flow wp-block-group-is-layout-flow\">\n<h1 class=\"wp-block-heading productions-title\">A.Norte Productions<\/h1>\n\n\n\n<div class=\"wp-block-query productions-grid has-global-padding is-layout-flow wp-block-query-is-layout-flow\"><ul class=\"columns-2 wp-block-post-template is-layout-grid wp-container-core-post-template-is-layout-02493678 wp-block-post-template-is-layout-grid\"><li class=\"wp-block-post post-4645 producao type-producao status-publish has-post-thumbnail hentry rsfv-has-video\">\n<figure class=\"wp-block-post-featured-image\"><a href=\"https:\/\/agenteanorte.com\/en\/producoes\/sob-a-chama-da-candeia\/\" target=\"_self\"  ><div style=\"clear:both\"><video class=\"rsfv-video\" id=\"rsfv-video-4645\" src=\"https:\/\/agenteanorte.com\/wp-content\/uploads\/2025\/05\/excerto_candeia_site.mp4\" style=\"max-width:100%;display:block;\"  autoplay playsinline loop muted><\/video><\/div><\/a><\/figure>\n\n<h2 class=\"wp-block-post-title\"><a href=\"https:\/\/agenteanorte.com\/en\/producoes\/sob-a-chama-da-candeia\/\" target=\"_self\" ><span class=\"production-title\">The Flame of a Candle<\/span><span class=\"production-director\" aria-label=\"de Andr\u00e9 Gil Mata\">Andr\u00e9 Gil Mata<\/span><\/a><\/h2>\n<\/li><li class=\"wp-block-post post-4626 producao type-producao status-publish has-post-thumbnail hentry rsfv-has-video\">\n<figure class=\"wp-block-post-featured-image\"><a href=\"https:\/\/agenteanorte.com\/en\/producoes\/consolatio\/\" target=\"_self\"  ><div style=\"clear:both\"><video class=\"rsfv-video\" id=\"rsfv-video-4626\" src=\"https:\/\/agenteanorte.com\/wp-content\/uploads\/2025\/05\/excerto_consolatio.mp4\" style=\"max-width:100%;display:block;\"  autoplay playsinline loop muted><\/video><\/div><\/a><\/figure>\n\n<h2 class=\"wp-block-post-title\"><a href=\"https:\/\/agenteanorte.com\/en\/producoes\/consolatio\/\" target=\"_self\" ><span class=\"production-title\">Consolatio<\/span><span class=\"production-director\" aria-label=\"de Pedro M. Afonso\">Pedro M. Afonso<\/span><\/a><\/h2>\n<\/li><li class=\"wp-block-post post-3398 producao type-producao status-publish has-post-thumbnail hentry\">\n<figure class=\"wp-block-post-featured-image\"><a href=\"https:\/\/agenteanorte.com\/en\/producoes\/carga\/\" target=\"_self\"  ><img loading=\"lazy\" decoding=\"async\" width=\"1366\" height=\"572\" src=\"https:\/\/agenteanorte.com\/wp-content\/uploads\/2024\/01\/carga-frame-3.jpg\" class=\"attachment-post-thumbnail size-post-thumbnail wp-post-image\" alt=\"CargaLu\u00eds Campos\" style=\"object-fit:cover;\" srcset=\"https:\/\/agenteanorte.com\/wp-content\/uploads\/2024\/01\/carga-frame-3.jpg 1366w, https:\/\/agenteanorte.com\/wp-content\/uploads\/2024\/01\/carga-frame-3-300x126.jpg 300w, https:\/\/agenteanorte.com\/wp-content\/uploads\/2024\/01\/carga-frame-3-1200x502.jpg 1200w, https:\/\/agenteanorte.com\/wp-content\/uploads\/2024\/01\/carga-frame-3-768x322.jpg 768w, https:\/\/agenteanorte.com\/wp-content\/uploads\/2024\/01\/carga-frame-3-50x21.jpg 50w, https:\/\/agenteanorte.com\/wp-content\/uploads\/2024\/01\/carga-frame-3-18x8.jpg 18w\" sizes=\"auto, (max-width: 1366px) 100vw, 1366px\" \/><\/a><\/figure>\n\n<h2 class=\"wp-block-post-title\"><a href=\"https:\/\/agenteanorte.com\/en\/producoes\/carga\/\" target=\"_self\" ><span class=\"production-title\">Carga<\/span><span class=\"production-director\" aria-label=\"de Lu\u00eds Campos\">Lu\u00eds Campos<\/span><\/a><\/h2>\n<\/li><li class=\"wp-block-post post-3228 producao type-producao status-publish has-post-thumbnail hentry\">\n<figure class=\"wp-block-post-featured-image\"><a href=\"https:\/\/agenteanorte.com\/en\/producoes\/uma-casa\/\" target=\"_self\"  ><img loading=\"lazy\" decoding=\"async\" width=\"1800\" height=\"1013\" src=\"https:\/\/agenteanorte.com\/wp-content\/uploads\/2023\/12\/uma-casa-cover.jpg\" class=\"attachment-post-thumbnail size-post-thumbnail wp-post-image\" alt=\"Uma CasaPedro Frias e Marta Lima\" style=\"object-fit:cover;\" srcset=\"https:\/\/agenteanorte.com\/wp-content\/uploads\/2023\/12\/uma-casa-cover.jpg 1800w, https:\/\/agenteanorte.com\/wp-content\/uploads\/2023\/12\/uma-casa-cover-300x169.jpg 300w, https:\/\/agenteanorte.com\/wp-content\/uploads\/2023\/12\/uma-casa-cover-1200x675.jpg 1200w, https:\/\/agenteanorte.com\/wp-content\/uploads\/2023\/12\/uma-casa-cover-768x432.jpg 768w, https:\/\/agenteanorte.com\/wp-content\/uploads\/2023\/12\/uma-casa-cover-50x28.jpg 50w, https:\/\/agenteanorte.com\/wp-content\/uploads\/2023\/12\/uma-casa-cover-1600x900.jpg 1600w, https:\/\/agenteanorte.com\/wp-content\/uploads\/2023\/12\/uma-casa-cover-1536x864.jpg 1536w, https:\/\/agenteanorte.com\/wp-content\/uploads\/2023\/12\/uma-casa-cover-18x10.jpg 18w\" sizes=\"auto, (max-width: 1800px) 100vw, 1800px\" \/><\/a><\/figure>\n\n<h2 class=\"wp-block-post-title\"><a href=\"https:\/\/agenteanorte.com\/en\/producoes\/uma-casa\/\" target=\"_self\" ><span class=\"production-title\">Uma Casa<\/span><span class=\"production-director\" aria-label=\"de Pedro Frias e Marta Lima\">Pedro Frias and Marta Lima<\/span><\/a><\/h2>\n<\/li><\/ul><\/div>\n<\/section>\n\n\n\n<footer class=\"wp-block-group call-to-action dark-mode is-layout-flow wp-block-group-is-layout-flow\">\n<div class=\"wp-block-buttons is-content-justification-center is-layout-flex wp-container-core-buttons-is-layout-a89b3969 wp-block-buttons-is-layout-flex\">\n<div class=\"wp-block-button\"><a class=\"wp-block-button__link wp-element-button\" href=\"https:\/\/agenteanorte.com\/en\/servicos-de-producao\/\">View Production services<\/a><\/div>\n<\/div>\n<\/footer>","protected":false},"excerpt":{"rendered":"<p>A.Norte Productions<\/p>","protected":false},"author":1,"featured_media":891,"parent":0,"menu_order":0,"comment_status":"closed","ping_status":"closed","template":"","meta":{"_acf_changed":false,"inline_featured_image":false,"_uag_custom_page_level_css":"","footnotes":""},"class_list":["post-342","page","type-page","status-publish","has-post-thumbnail","hentry"],"acf":[],"yoast_head":"<!-- This site is optimized with the Yoast SEO plugin v25.4 - https:\/\/yoast.com\/wordpress\/plugins\/seo\/ -->\n<title>Produ\u00e7\u00f5es &#8226; Agente a Norte<\/title>\n<meta name=\"description\" content=\"A Agente a Norte \u00e9 uma ag\u00eancia de actores e produtora sediada no norte de Portugal, no Porto, que representa um vasto leque de profissionais.\" \/>\n<meta name=\"robots\" content=\"index, follow, max-snippet:-1, max-image-preview:large, max-video-preview:-1\" \/>\n<link rel=\"canonical\" href=\"https:\/\/agenteanorte.com\/en\/producoes\/\" \/>\n<meta property=\"og:locale\" content=\"en_GB\" \/>\n<meta property=\"og:type\" content=\"article\" \/>\n<meta property=\"og:title\" content=\"Produ\u00e7\u00f5es &#8226; Agente a Norte\" \/>\n<meta property=\"og:description\" content=\"A Agente a Norte \u00e9 uma ag\u00eancia de actores e produtora sediada no norte de Portugal, no Porto, que representa um vasto leque de profissionais.\" \/>\n<meta property=\"og:url\" content=\"https:\/\/agenteanorte.com\/en\/producoes\/\" \/>\n<meta property=\"og:site_name\" content=\"Agente a Norte\" \/>\n<meta property=\"article:publisher\" content=\"https:\/\/www.facebook.com\/agenteanorte\/\" \/>\n<meta property=\"article:modified_time\" content=\"2023-10-12T10:40:42+00:00\" \/>\n<meta property=\"og:image\" content=\"https:\/\/agenteanorte.com\/wp-content\/uploads\/2023\/10\/og-image-agenteanorte.png\" \/>\n\t<meta property=\"og:image:width\" content=\"1200\" \/>\n\t<meta property=\"og:image:height\" content=\"1200\" \/>\n\t<meta property=\"og:image:type\" content=\"image\/png\" \/>\n<meta name=\"twitter:card\" content=\"summary_large_image\" \/>\n<script type=\"application\/ld+json\" class=\"yoast-schema-graph\">{\"@context\":\"https:\/\/schema.org\",\"@graph\":[{\"@type\":\"WebPage\",\"@id\":\"https:\/\/agenteanorte.com\/producoes\/\",\"url\":\"https:\/\/agenteanorte.com\/producoes\/\",\"name\":\"Produ\u00e7\u00f5es &#8226; Agente a Norte\",\"isPartOf\":{\"@id\":\"https:\/\/agenteanorte.com\/#website\"},\"primaryImageOfPage\":{\"@id\":\"https:\/\/agenteanorte.com\/producoes\/#primaryimage\"},\"image\":{\"@id\":\"https:\/\/agenteanorte.com\/producoes\/#primaryimage\"},\"thumbnailUrl\":\"https:\/\/agenteanorte.com\/wp-content\/uploads\/2023\/10\/og-image-agenteanorte.png\",\"datePublished\":\"2023-08-16T11:53:15+00:00\",\"dateModified\":\"2023-10-12T10:40:42+00:00\",\"description\":\"A Agente a Norte \u00e9 uma ag\u00eancia de actores e produtora sediada no norte de Portugal, no Porto, que representa um vasto leque de profissionais.\",\"breadcrumb\":{\"@id\":\"https:\/\/agenteanorte.com\/producoes\/#breadcrumb\"},\"inLanguage\":\"en-GB\",\"potentialAction\":[{\"@type\":\"ReadAction\",\"target\":[\"https:\/\/agenteanorte.com\/producoes\/\"]}]},{\"@type\":\"ImageObject\",\"inLanguage\":\"en-GB\",\"@id\":\"https:\/\/agenteanorte.com\/producoes\/#primaryimage\",\"url\":\"https:\/\/agenteanorte.com\/wp-content\/uploads\/2023\/10\/og-image-agenteanorte.png\",\"contentUrl\":\"https:\/\/agenteanorte.com\/wp-content\/uploads\/2023\/10\/og-image-agenteanorte.png\",\"width\":1200,\"height\":1200},{\"@type\":\"BreadcrumbList\",\"@id\":\"https:\/\/agenteanorte.com\/producoes\/#breadcrumb\",\"itemListElement\":[{\"@type\":\"ListItem\",\"position\":1,\"name\":\"In\u00edcio\",\"item\":\"https:\/\/agenteanorte.com\/\"},{\"@type\":\"ListItem\",\"position\":2,\"name\":\"Produ\u00e7\u00f5es\"}]},{\"@type\":\"WebSite\",\"@id\":\"https:\/\/agenteanorte.com\/#website\",\"url\":\"https:\/\/agenteanorte.com\/\",\"name\":\"Agente a Norte\",\"description\":\"Ag\u00eancia de atores e produtora audiovisual\",\"publisher\":{\"@id\":\"https:\/\/agenteanorte.com\/#organization\"},\"potentialAction\":[{\"@type\":\"SearchAction\",\"target\":{\"@type\":\"EntryPoint\",\"urlTemplate\":\"https:\/\/agenteanorte.com\/?s={search_term_string}\"},\"query-input\":{\"@type\":\"PropertyValueSpecification\",\"valueRequired\":true,\"valueName\":\"search_term_string\"}}],\"inLanguage\":\"en-GB\"},{\"@type\":\"Organization\",\"@id\":\"https:\/\/agenteanorte.com\/#organization\",\"name\":\"Agente a Norte\",\"url\":\"https:\/\/agenteanorte.com\/\",\"logo\":{\"@type\":\"ImageObject\",\"inLanguage\":\"en-GB\",\"@id\":\"https:\/\/agenteanorte.com\/#\/schema\/logo\/image\/\",\"url\":\"https:\/\/agenteanorte.com\/wp-content\/uploads\/2024\/01\/logo-agente-a-norte.jpg\",\"contentUrl\":\"https:\/\/agenteanorte.com\/wp-content\/uploads\/2024\/01\/logo-agente-a-norte.jpg\",\"width\":2000,\"height\":2000,\"caption\":\"Agente a Norte\"},\"image\":{\"@id\":\"https:\/\/agenteanorte.com\/#\/schema\/logo\/image\/\"},\"sameAs\":[\"https:\/\/www.facebook.com\/agenteanorte\/\",\"https:\/\/www.instagram.com\/agenteanorte_oficial\/\",\"https:\/\/vimeo.com\/agenteanorte\",\"https:\/\/www.youtube.com\/@agenteanorte5984\"]}]}<\/script>\n<!-- \/ Yoast SEO plugin. -->","yoast_head_json":{"title":"Produ\u00e7\u00f5es &#8226; Agente a Norte","description":"A Agente a Norte \u00e9 uma ag\u00eancia de actores e produtora sediada no norte de Portugal, no Porto, que representa um vasto leque de profissionais.","robots":{"index":"index","follow":"follow","max-snippet":"max-snippet:-1","max-image-preview":"max-image-preview:large","max-video-preview":"max-video-preview:-1"},"canonical":"https:\/\/agenteanorte.com\/en\/producoes\/","og_locale":"en_GB","og_type":"article","og_title":"Produ\u00e7\u00f5es &#8226; Agente a Norte","og_description":"A Agente a Norte \u00e9 uma ag\u00eancia de actores e produtora sediada no norte de Portugal, no Porto, que representa um vasto leque de profissionais.","og_url":"https:\/\/agenteanorte.com\/en\/producoes\/","og_site_name":"Agente a Norte","article_publisher":"https:\/\/www.facebook.com\/agenteanorte\/","article_modified_time":"2023-10-12T10:40:42+00:00","og_image":[{"width":1200,"height":1200,"url":"https:\/\/agenteanorte.com\/wp-content\/uploads\/2023\/10\/og-image-agenteanorte.png","type":"image\/png"}],"twitter_card":"summary_large_image","schema":{"@context":"https:\/\/schema.org","@graph":[{"@type":"WebPage","@id":"https:\/\/agenteanorte.com\/producoes\/","url":"https:\/\/agenteanorte.com\/producoes\/","name":"Produ\u00e7\u00f5es &#8226; Agente a Norte","isPartOf":{"@id":"https:\/\/agenteanorte.com\/#website"},"primaryImageOfPage":{"@id":"https:\/\/agenteanorte.com\/producoes\/#primaryimage"},"image":{"@id":"https:\/\/agenteanorte.com\/producoes\/#primaryimage"},"thumbnailUrl":"https:\/\/agenteanorte.com\/wp-content\/uploads\/2023\/10\/og-image-agenteanorte.png","datePublished":"2023-08-16T11:53:15+00:00","dateModified":"2023-10-12T10:40:42+00:00","description":"A Agente a Norte \u00e9 uma ag\u00eancia de actores e produtora sediada no norte de Portugal, no Porto, que representa um vasto leque de profissionais.","breadcrumb":{"@id":"https:\/\/agenteanorte.com\/producoes\/#breadcrumb"},"inLanguage":"en-GB","potentialAction":[{"@type":"ReadAction","target":["https:\/\/agenteanorte.com\/producoes\/"]}]},{"@type":"ImageObject","inLanguage":"en-GB","@id":"https:\/\/agenteanorte.com\/producoes\/#primaryimage","url":"https:\/\/agenteanorte.com\/wp-content\/uploads\/2023\/10\/og-image-agenteanorte.png","contentUrl":"https:\/\/agenteanorte.com\/wp-content\/uploads\/2023\/10\/og-image-agenteanorte.png","width":1200,"height":1200},{"@type":"BreadcrumbList","@id":"https:\/\/agenteanorte.com\/producoes\/#breadcrumb","itemListElement":[{"@type":"ListItem","position":1,"name":"In\u00edcio","item":"https:\/\/agenteanorte.com\/"},{"@type":"ListItem","position":2,"name":"Produ\u00e7\u00f5es"}]},{"@type":"WebSite","@id":"https:\/\/agenteanorte.com\/#website","url":"https:\/\/agenteanorte.com\/","name":"Agente a Norte","description":"Ag\u00eancia de atores e produtora audiovisual","publisher":{"@id":"https:\/\/agenteanorte.com\/#organization"},"potentialAction":[{"@type":"SearchAction","target":{"@type":"EntryPoint","urlTemplate":"https:\/\/agenteanorte.com\/?s={search_term_string}"},"query-input":{"@type":"PropertyValueSpecification","valueRequired":true,"valueName":"search_term_string"}}],"inLanguage":"en-GB"},{"@type":"Organization","@id":"https:\/\/agenteanorte.com\/#organization","name":"Agente a Norte","url":"https:\/\/agenteanorte.com\/","logo":{"@type":"ImageObject","inLanguage":"en-GB","@id":"https:\/\/agenteanorte.com\/#\/schema\/logo\/image\/","url":"https:\/\/agenteanorte.com\/wp-content\/uploads\/2024\/01\/logo-agente-a-norte.jpg","contentUrl":"https:\/\/agenteanorte.com\/wp-content\/uploads\/2024\/01\/logo-agente-a-norte.jpg","width":2000,"height":2000,"caption":"Agente a Norte"},"image":{"@id":"https:\/\/agenteanorte.com\/#\/schema\/logo\/image\/"},"sameAs":["https:\/\/www.facebook.com\/agenteanorte\/","https:\/\/www.instagram.com\/agenteanorte_oficial\/","https:\/\/vimeo.com\/agenteanorte","https:\/\/www.youtube.com\/@agenteanorte5984"]}]}},"uagb_featured_image_src":{"full":["https:\/\/agenteanorte.com\/wp-content\/uploads\/2023\/10\/og-image-agenteanorte.png",1200,1200,false],"thumbnail":["https:\/\/agenteanorte.com\/wp-content\/uploads\/2023\/10\/og-image-agenteanorte-150x150.png",150,150,true],"medium":["https:\/\/agenteanorte.com\/wp-content\/uploads\/2023\/10\/og-image-agenteanorte-300x300.png",300,300,true],"medium_large":["https:\/\/agenteanorte.com\/wp-content\/uploads\/2023\/10\/og-image-agenteanorte-768x768.png",768,768,true],"large":["https:\/\/agenteanorte.com\/wp-content\/uploads\/2023\/10\/og-image-agenteanorte-1024x1024.png",1024,1024,true],"gs-tiny":["https:\/\/agenteanorte.com\/wp-content\/uploads\/2023\/10\/og-image-agenteanorte.png",50,50,false],"xl":["https:\/\/agenteanorte.com\/wp-content\/uploads\/2023\/10\/og-image-agenteanorte.png",1200,1200,false],"xxl":["https:\/\/agenteanorte.com\/wp-content\/uploads\/2023\/10\/og-image-agenteanorte.png",1200,1200,false],"xxxl":["https:\/\/agenteanorte.com\/wp-content\/uploads\/2023\/10\/og-image-agenteanorte.png",1200,1200,false],"xxxxl":["https:\/\/agenteanorte.com\/wp-content\/uploads\/2023\/10\/og-image-agenteanorte.png",1200,1200,false],"xxxxxl":["https:\/\/agenteanorte.com\/wp-content\/uploads\/2023\/10\/og-image-agenteanorte.png",1200,1200,false],"1536x1536":["https:\/\/agenteanorte.com\/wp-content\/uploads\/2023\/10\/og-image-agenteanorte.png",1200,1200,false],"2048x2048":["https:\/\/agenteanorte.com\/wp-content\/uploads\/2023\/10\/og-image-agenteanorte.png",1200,1200,false],"trp-custom-language-flag":["https:\/\/agenteanorte.com\/wp-content\/uploads\/2023\/10\/og-image-agenteanorte-12x12.png",12,12,true]},"uagb_author_info":{"display_name":"adrianaleites","author_link":"https:\/\/agenteanorte.com\/en\/author\/adrianaleites\/"},"uagb_comment_info":0,"uagb_excerpt":"Produ\u00e7\u00f5es A.Norte","_links":{"self":[{"href":"https:\/\/agenteanorte.com\/en\/wp-json\/wp\/v2\/pages\/342","targetHints":{"allow":["GET"]}}],"collection":[{"href":"https:\/\/agenteanorte.com\/en\/wp-json\/wp\/v2\/pages"}],"about":[{"href":"https:\/\/agenteanorte.com\/en\/wp-json\/wp\/v2\/types\/page"}],"author":[{"embeddable":true,"href":"https:\/\/agenteanorte.com\/en\/wp-json\/wp\/v2\/users\/1"}],"replies":[{"embeddable":true,"href":"https:\/\/agenteanorte.com\/en\/wp-json\/wp\/v2\/comments?post=342"}],"version-history":[{"count":32,"href":"https:\/\/agenteanorte.com\/en\/wp-json\/wp\/v2\/pages\/342\/revisions"}],"predecessor-version":[{"id":687,"href":"https:\/\/agenteanorte.com\/en\/wp-json\/wp\/v2\/pages\/342\/revisions\/687"}],"wp:featuredmedia":[{"embeddable":true,"href":"https:\/\/agenteanorte.com\/en\/wp-json\/wp\/v2\/media\/891"}],"wp:attachment":[{"href":"https:\/\/agenteanorte.com\/en\/wp-json\/wp\/v2\/media?parent=342"}],"curies":[{"name":"wp","href":"https:\/\/api.w.org\/{rel}","templated":true}]}}